{"id":18,"date":"2024-05-07T05:08:58","date_gmt":"2024-05-07T05:08:58","guid":{"rendered":"https:\/\/true4est.com\/about\/"},"modified":"2026-01-15T06:58:27","modified_gmt":"2026-01-15T06:58:27","slug":"about","status":"publish","type":"page","link":"https:\/\/true4est.com\/en\/about\/","title":{"rendered":"About Us"},"content":{"rendered":"<div class=\"wp-block-group alignfull has-primary-background-color has-background has-global-padding is-layout-constrained wp-container-core-group-is-layout-33b721a0 wp-block-group-is-layout-constrained\" style=\"margin-top:0;margin-bottom:0;padding-top:0;padding-right:0;padding-left:0\">\n<div class=\"wp-block-cover alignfull has-text-color has-link-color wp-elements-4472e319489506fb51fe0810ad37b985 is-layout-flow wp-block-cover-is-layout-flow\" style=\"color:#000000;min-height:605px;aspect-ratio:unset;\"><img loading=\"lazy\" decoding=\"async\" width=\"2048\" height=\"1365\" class=\"wp-block-cover__image-background wp-image-557\" alt=\"\" src=\"https:\/\/true4est.com\/wp-content\/uploads\/2024\/05\/IMG_1141.jpg\" style=\"object-position:57% 19%\" data-object-fit=\"cover\" data-object-position=\"57% 19%\" srcset=\"https:\/\/true4est.com\/wp-content\/uploads\/2024\/05\/IMG_1141.jpg 2048w, https:\/\/true4est.com\/wp-content\/uploads\/2024\/05\/IMG_1141-300x200.jpg 300w, https:\/\/true4est.com\/wp-content\/uploads\/2024\/05\/IMG_1141-1024x683.jpg 1024w, https:\/\/true4est.com\/wp-content\/uploads\/2024\/05\/IMG_1141-768x512.jpg 768w, https:\/\/true4est.com\/wp-content\/uploads\/2024\/05\/IMG_1141-1536x1024.jpg 1536w, https:\/\/true4est.com\/wp-content\/uploads\/2024\/05\/IMG_1141-600x400.jpg 600w\" sizes=\"auto, (max-width: 2048px) 100vw, 2048px\" \/><span aria-hidden=\"true\" class=\"wp-block-cover__background has-background-dim-0 has-background-dim\" style=\"background-color:#d6d9d6\"><\/span><div class=\"wp-block-cover__inner-container\"><\/div><\/div>\n<\/div>\n\n\n\n<h1 class=\"wp-block-heading has-text-align-center\">ABOUT ME<\/h1>\n\n\n\n<div class=\"wp-block-group alignfull has-primary-background-color has-background has-global-padding is-layout-constrained wp-container-core-group-is-layout-c03f3b2a wp-block-group-is-layout-constrained\" style=\"padding-top:var(--wp--preset--spacing--60);padding-right:var(--wp--preset--spacing--30);padding-bottom:var(--wp--preset--spacing--60);padding-left:var(--wp--preset--spacing--30)\">\n<div class=\"wp-block-media-text alignwide has-media-on-the-right is-stacked-on-mobile is-vertically-aligned-top is-image-fill-element\" style=\"padding-right:0;padding-left:0;grid-template-columns:auto 40%\"><div class=\"wp-block-media-text__content\">\n<div style=\"height:30px\" aria-hidden=\"true\" class=\"wp-block-spacer\"><\/div>\n\n\n\n<p>True4est is Siim T\u00f5emetsa's personal brand, inspired by the fulfillment of ambitious goals. \"Let's get it\" is the guiding principle I want to convey, because I believe that everything starts with the first step. Life can be difficult at times, but the True4est brand is here to help you!<\/p>\n<\/div><figure class=\"wp-block-media-text__media\"><img loading=\"lazy\" decoding=\"async\" width=\"1024\" height=\"607\" src=\"https:\/\/true4est.com\/wp-content\/uploads\/2026\/01\/dc6bb0c7-6e52-4d17-bb53-472ae3341458-1024x607.jpeg\" alt=\"\" class=\"wp-image-1291 size-full\" style=\"object-position:50% 50%\" srcset=\"https:\/\/true4est.com\/wp-content\/uploads\/2026\/01\/dc6bb0c7-6e52-4d17-bb53-472ae3341458-1024x607.jpeg 1024w, https:\/\/true4est.com\/wp-content\/uploads\/2026\/01\/dc6bb0c7-6e52-4d17-bb53-472ae3341458-300x178.jpeg 300w, https:\/\/true4est.com\/wp-content\/uploads\/2026\/01\/dc6bb0c7-6e52-4d17-bb53-472ae3341458-768x455.jpeg 768w, https:\/\/true4est.com\/wp-content\/uploads\/2026\/01\/dc6bb0c7-6e52-4d17-bb53-472ae3341458-18x12.jpeg 18w, https:\/\/true4est.com\/wp-content\/uploads\/2026\/01\/dc6bb0c7-6e52-4d17-bb53-472ae3341458-600x356.jpeg 600w, https:\/\/true4est.com\/wp-content\/uploads\/2026\/01\/dc6bb0c7-6e52-4d17-bb53-472ae3341458.jpeg 1200w\" sizes=\"auto, (max-width: 1024px) 100vw, 1024px\" \/><\/figure><\/div>\n\n\n\n<div style=\"height:30px\" aria-hidden=\"true\" class=\"wp-block-spacer\"><\/div>\n\n\n\n<div class=\"wp-block-group is-nowrap is-layout-flex wp-container-core-group-is-layout-6c531013 wp-block-group-is-layout-flex\">\n<p class=\"has-text-align-center has-foreground-color has-text-color has-background has-link-color wp-elements-1eb8729bf72f73687e64fc4f76b81488 wp-container-content-9cfa9a5a\" style=\"background-color:#b8854866;padding-top:var(--wp--preset--spacing--30);padding-right:var(--wp--preset--spacing--80);padding-bottom:var(--wp--preset--spacing--30);padding-left:var(--wp--preset--spacing--80);font-size:clamp(21.027px, 1.314rem + ((1vw - 3.2px) * 1.351), 34px);font-style:normal;font-weight:700;letter-spacing:-3px\">Creating the brand \u2193<\/p>\n<\/div>\n\n\n\n<div style=\"height:30px\" aria-hidden=\"true\" class=\"wp-block-spacer\"><\/div>\n\n\n\n<p style=\"font-size:clamp(16.293px, 1.018rem + ((1vw - 3.2px) * 0.907), 25px);\"><strong><em>\u201cIn recent years, I have felt the desire to share my knowledge through social media in order to reach more people.\u201d<\/em><\/strong>&#8220;<\/p>\n\n\n\n<div class=\"wp-block-columns alignfull is-layout-flex wp-container-core-columns-is-layout-28f84493 wp-block-columns-is-layout-flex\">\n<div class=\"wp-block-column is-layout-flow wp-block-column-is-layout-flow\" style=\"flex-basis:50%\">\n<div style=\"height:61px\" aria-hidden=\"true\" class=\"wp-block-spacer\"><\/div>\n\n\n\n<div class=\"wp-block-cover is-light\" style=\"min-height:453px;aspect-ratio:unset;\"><video class=\"wp-block-cover__video-background intrinsic-ignore\" autoplay muted loop playsinline src=\"https:\/\/true4est.com\/wp-content\/uploads\/2024\/05\/true4est-weeb.mp4\" data-object-fit=\"cover\"><\/video><span aria-hidden=\"true\" class=\"wp-block-cover__background has-background-dim\" style=\"background-color:#7f7a84\"><\/span><div class=\"wp-block-cover__inner-container is-layout-flow wp-block-cover-is-layout-flow\">\n<p><\/p>\n<\/div><\/div>\n<\/div>\n\n\n\n<div class=\"wp-block-column is-vertically-aligned-center is-layout-flow wp-block-column-is-layout-flow\" style=\"padding-top:1em;padding-right:1em;padding-bottom:1em;padding-left:1em\">\n<div style=\"height:0px\" aria-hidden=\"true\" class=\"wp-block-spacer\"><\/div>\n\n\n\n<p>But I want to do it differently! Not in the form of mass production, giving everyone the same training plan. Instead, I want to take a personalized approach, understanding the root causes to bring about change that will truly stay with you in your everyday life.<\/p>\n\n\n\n<p>When developing the training plans, the goal was to make the entire process as simple and user-friendly as possible, while providing as much relevant information as possible. Therefore, each training plan includes exercise videos, useful tips, sets, and repetitions, and on top of that, you always have the option to contact me if you have any questions!<\/p>\n\n\n\n<p>TRUE4EST as a clothing brand has been around since April 2024 and is the result of long-term work, born out of collaboration with Hanna Rattasepa's visual creations and Kristjan Ruus's photography skills. The website was designed by Heli Orav.<\/p>\n\n\n\n<p>Listen to our podcast on YouTube and Spotify, and follow us on Instagram!<\/p>\n<\/div>\n<\/div>\n<\/div>","protected":false},"excerpt":{"rendered":"<p>MINUST True4est on Siim T\u00f5emetsa isikubr\u00e4nd, mis on inspireeritud ambitsioonikate eesm\u00e4rkide t\u00e4itmisest. \u201cLet\u2019s get it\u201d on juhtm\u00f5te, mida tahan edasi anda, sest usun, et k\u00f5ik saab alguse esimesest sammust. Elu v\u00f5ib kohati olla niigi raske, aga True4est-i br\u00e4nd on loodud Sind aitama! Br\u00e4ndi loomine \u2193 &#8220;Viimastel aastatel olen tundnud soovi anda oma teadmisi edasi l\u00e4bi [&hellip;]<\/p>","protected":false},"author":1,"featured_media":0,"parent":0,"menu_order":0,"comment_status":"closed","ping_status":"closed","template":"no-title","meta":{"inline_featured_image":false,"footnotes":""},"class_list":["post-18","page","type-page","status-publish","hentry"],"_links":{"self":[{"href":"https:\/\/true4est.com\/en\/wp-json\/wp\/v2\/pages\/18","targetHints":{"allow":["GET"]}}],"collection":[{"href":"https:\/\/true4est.com\/en\/wp-json\/wp\/v2\/pages"}],"about":[{"href":"https:\/\/true4est.com\/en\/wp-json\/wp\/v2\/types\/page"}],"author":[{"embeddable":true,"href":"https:\/\/true4est.com\/en\/wp-json\/wp\/v2\/users\/1"}],"replies":[{"embeddable":true,"href":"https:\/\/true4est.com\/en\/wp-json\/wp\/v2\/comments?post=18"}],"version-history":[{"count":84,"href":"https:\/\/true4est.com\/en\/wp-json\/wp\/v2\/pages\/18\/revisions"}],"predecessor-version":[{"id":1450,"href":"https:\/\/true4est.com\/en\/wp-json\/wp\/v2\/pages\/18\/revisions\/1450"}],"wp:attachment":[{"href":"https:\/\/true4est.com\/en\/wp-json\/wp\/v2\/media?parent=18"}],"curies":[{"name":"wp","href":"https:\/\/api.w.org\/{rel}","templated":true}]}}