{"id":3,"date":"2024-05-06T18:30:52","date_gmt":"2024-05-06T18:30:52","guid":{"rendered":"https:\/\/true4est.com\/?page_id=3"},"modified":"2024-05-28T11:47:40","modified_gmt":"2024-05-28T11:47:40","slug":"privacy-policy","status":"publish","type":"page","link":"https:\/\/true4est.com\/en\/privacy-policy\/","title":{"rendered":"Privacy Policy"},"content":{"rendered":"<p>The controller of the personal data of the online shop is O\u00dc S-SPORT (registry code 14465866), address R\u00e4nnaku pst 9-35, N\u00f5mme linnaosa, 10917 Tallinn, Harju maakond, phone 56156882 and e-mail info@true4est.com.<\/p>\n\n\n\n<h3 class=\"wp-block-heading\"><strong>Data We Collect<\/strong><\/h3>\n\n\n\n<ul class=\"wp-block-list\">\n<li><strong>Personal Identification Information:<\/strong> Name, email address, phone number, shipping address, billing address.<\/li>\n\n\n\n<li><strong>Purchase History:<\/strong> Details of products you have bought.<\/li>\n<\/ul>\n\n\n\n<h3 class=\"wp-block-heading\">How We Collect Data<\/h3>\n\n\n\n<ul class=\"wp-block-list\">\n<li><strong>Direct Interactions:<\/strong> place an order.<\/li>\n\n\n\n<li><strong>Third Parties:<\/strong> Payment processors and delivery services.<\/li>\n<\/ul>\n\n\n\n<h3 class=\"wp-block-heading\"><strong>How We Use Your Data<\/strong><\/h3>\n\n\n\n<ul class=\"wp-block-list\">\n<li><strong>Order Processing:<\/strong> To manage and fulfill your orders.<\/li>\n\n\n\n<li><strong>Marketing:<\/strong> To send promotional offers and updates (for example newsletter),only if you have opted in.<\/li>\n<\/ul>\n\n\n\n<h3 class=\"wp-block-heading\">What is the <strong>Legal Basis for Processing<\/strong><\/h3>\n\n\n\n<ul class=\"wp-block-list\">\n<li><strong>Contractual Necessity:<\/strong> To fulfill our obligations when you make a purchase.<\/li>\n\n\n\n<li><strong>Legal Obligations:<\/strong> To comply with legal requirements.<\/li>\n\n\n\n<li><strong>Consent:<\/strong> For marketing communications, with your explicit consent.<\/li>\n\n\n\n<li><strong>Legitimate Interests:<\/strong> To improve our services and for fraud prevention.<\/li>\n<\/ul>\n\n\n\n<h3 class=\"wp-block-heading\">Who We Share Your Data<\/h3>\n\n\n\n<ul class=\"wp-block-list\">\n<li><strong>Service Providers:<\/strong> payment processor Montonio Finance UAB and delivery companies.<\/li>\n\n\n\n<li><strong>Legal Authorities:<\/strong> If required by law or to protect our rights.<\/li>\n<\/ul>\n\n\n\n<h3 class=\"wp-block-heading\"><strong>How We Protect Your Data<\/strong><\/h3>\n\n\n\n<p>Personal data are stored in the servers of Zone.ee, which are located on the territory of a member state of the European Union or states of the European Economic Area. Data may be forwarded to states whose level of data protection is sufficient according to the European Commission or to a company of a third state to which a safeguard specified in articles 46 or 47 or in subsection 49 (1) of the GDPR has been applied.<\/p>\n\n\n\n<p>Personal data can be accessed by the staff of the online shop in order to resolve technical issues related to the use of the online shop and to provide customer support.<\/p>\n\n\n\n<p>The online shop applies the relevant physical, organisational and IT security measures in order to protect personal data from accidental or unlawful destruction, loss, amendment or unauthorised access and disclosure. <\/p>\n\n\n\n<p>Personal data are forwarded to processors (e.g. the delivery provider and data hosts) on the basis of contracts between the online shop and processors. Upon processing data, the processors are obliged to ensure the relevant safeguards in accordance with article 28 of the GDPR.<\/p>\n\n\n\n<h3 class=\"wp-block-heading\">What are Your Rights<\/h3>\n\n\n\n<p>Under GDPR, you have the right to:<\/p>\n\n\n\n<ul class=\"wp-block-list\">\n<li>Access your data.<\/li>\n\n\n\n<li>Rectify inaccurate data.<\/li>\n\n\n\n<li>Erase your data.<\/li>\n\n\n\n<li>Restrict processing of your data.<\/li>\n\n\n\n<li>Object to processing.<\/li>\n\n\n\n<li>Data portability.<\/li>\n\n\n\n<li>Withdraw consent for marketing communications.<\/li>\n<\/ul>\n\n\n\n<h3 class=\"wp-block-heading\">Contact Us<\/h3>\n\n\n\n<p>If you have any questions or concerns about this privacy policy, please contact us at:<\/p>\n\n\n\n<ul class=\"wp-block-list\">\n<li><strong>Email:<\/strong> info@true4est.com<\/li>\n<\/ul>","protected":false},"excerpt":{"rendered":"<p>The controller of the personal data of the online shop is O\u00dc S-SPORT (registry code 14465866), address R\u00e4nnaku pst 9-35, N\u00f5mme linnaosa, 10917 Tallinn, Harju maakond, phone 56156882 and e-mail info@true4est.com. Data We Collect How We Collect Data How We Use Your Data What is the Legal Basis for Processing Who We Share Your Data [&hellip;]<\/p>","protected":false},"author":1,"featured_media":0,"parent":0,"menu_order":0,"comment_status":"closed","ping_status":"open","template":"","meta":{"inline_featured_image":false,"footnotes":""},"class_list":["post-3","page","type-page","status-publish","hentry"],"_links":{"self":[{"href":"https:\/\/true4est.com\/en\/wp-json\/wp\/v2\/pages\/3","targetHints":{"allow":["GET"]}}],"collection":[{"href":"https:\/\/true4est.com\/en\/wp-json\/wp\/v2\/pages"}],"about":[{"href":"https:\/\/true4est.com\/en\/wp-json\/wp\/v2\/types\/page"}],"author":[{"embeddable":true,"href":"https:\/\/true4est.com\/en\/wp-json\/wp\/v2\/users\/1"}],"replies":[{"embeddable":true,"href":"https:\/\/true4est.com\/en\/wp-json\/wp\/v2\/comments?post=3"}],"version-history":[{"count":3,"href":"https:\/\/true4est.com\/en\/wp-json\/wp\/v2\/pages\/3\/revisions"}],"predecessor-version":[{"id":584,"href":"https:\/\/true4est.com\/en\/wp-json\/wp\/v2\/pages\/3\/revisions\/584"}],"wp:attachment":[{"href":"https:\/\/true4est.com\/en\/wp-json\/wp\/v2\/media?parent=3"}],"curies":[{"name":"wp","href":"https:\/\/api.w.org\/{rel}","templated":true}]}}