{"id":1196,"date":"2024-10-20T12:25:45","date_gmt":"2024-10-20T12:25:45","guid":{"rendered":"https:\/\/true4est.com\/?post_type=product&#038;p=1196"},"modified":"2026-03-16T18:48:24","modified_gmt":"2026-03-16T18:48:24","slug":"true4est-pusa","status":"publish","type":"product","link":"https:\/\/true4est.com\/en\/product\/true4est-pusa\/","title":{"rendered":"TRUE4EST SWEATSHIRT"},"content":{"rendered":"<p class=\"translation-block\">The sweatshirt is made from 85% organic cotton and 15% recycled polyester. One bag is made using about 5 pieces of 50cl plastic bottles. A typical bag uses around 6000 litres of water. By comparison, a bag made from organic cotton uses only 250 litres of water. Clothes made from organic cotton are also a sustainable choice, as good cotton is of high quality and lasts a long time.<\/p>","protected":false},"excerpt":{"rendered":"<p>Eksklusiivse kvaliteediga unisex pusa, mis sobib nii meestele kui ka naistele. Tegu on oversized mudeliga, kus on pikendatud \u00f5lajoon,<br \/>\nkapuuts ja kaks peidetud taskut k\u00fclgedel. Seest uhutud v\u00e4ga pehme materjal, mille paksus 300 g\/m2.<\/p>\n<p><strong>Soovituslik on vaadata \u00fcle toote m\u00f5\u00f5dud (tellida number suurem). Piltidel olev modell on 190cm pikk ja kannab XL suurust.\u00a0<\/strong><\/p>","protected":false},"featured_media":1198,"comment_status":"open","ping_status":"closed","template":"","meta":{"inline_featured_image":false},"product_brand":[],"product_cat":[18],"product_tag":[],"class_list":{"0":"post-1196","1":"product","2":"type-product","3":"status-publish","4":"has-post-thumbnail","6":"product_cat-tooted","8":"first","9":"instock","10":"sale","11":"shipping-taxable","12":"purchasable","13":"product-type-variable"},"_links":{"self":[{"href":"https:\/\/true4est.com\/en\/wp-json\/wp\/v2\/product\/1196","targetHints":{"allow":["GET"]}}],"collection":[{"href":"https:\/\/true4est.com\/en\/wp-json\/wp\/v2\/product"}],"about":[{"href":"https:\/\/true4est.com\/en\/wp-json\/wp\/v2\/types\/product"}],"replies":[{"embeddable":true,"href":"https:\/\/true4est.com\/en\/wp-json\/wp\/v2\/comments?post=1196"}],"wp:featuredmedia":[{"embeddable":true,"href":"https:\/\/true4est.com\/en\/wp-json\/wp\/v2\/media\/1198"}],"wp:attachment":[{"href":"https:\/\/true4est.com\/en\/wp-json\/wp\/v2\/media?parent=1196"}],"wp:term":[{"taxonomy":"product_brand","embeddable":true,"href":"https:\/\/true4est.com\/en\/wp-json\/wp\/v2\/product_brand?post=1196"},{"taxonomy":"product_cat","embeddable":true,"href":"https:\/\/true4est.com\/en\/wp-json\/wp\/v2\/product_cat?post=1196"},{"taxonomy":"product_tag","embeddable":true,"href":"https:\/\/true4est.com\/en\/wp-json\/wp\/v2\/product_tag?post=1196"}],"curies":[{"name":"wp","href":"https:\/\/api.w.org\/{rel}","templated":true}]}}