{"id":1440,"date":"2026-01-13T18:15:05","date_gmt":"2026-01-13T18:15:05","guid":{"rendered":"https:\/\/true4est.com\/?post_type=product&#038;p=1440"},"modified":"2026-01-19T09:47:21","modified_gmt":"2026-01-19T09:47:21","slug":"treeningkava-konsultatsioon","status":"publish","type":"product","link":"https:\/\/true4est.com\/en\/product\/treeningkava-konsultatsioon\/","title":{"rendered":"TREENINGKAVA + KONSULTATSIOON"},"content":{"rendered":"<p>Vabalt v\u00e4lja valitud treeningkava + videok\u00f5ne, kus tutvustan sulle \u00fcksikasjalikult, mis sind ees ootab antud treeningkavaga ning leiame vastused sinu v\u00f5imalikele tekkinud k\u00fcsimustele. Samuti jagan h\u00e4id nippe, mida v\u00f5iksid oma treeningutel meeles pidada.<\/p>","protected":false},"excerpt":{"rendered":"<p>Vabalt v\u00e4lja valitud treeningkava + videok\u00f5ne, kus tutvustan sulle \u00fcksikasjalikult, mis sind ees ootab antud treeningkavaga ning leiame vastused sinu v\u00f5imalikele tekkinud k\u00fcsimustele. Samuti jagan h\u00e4id nippe, mida v\u00f5iksid oma treeningutel meeles pidada.<\/p>","protected":false},"featured_media":1291,"comment_status":"open","ping_status":"closed","template":"","meta":{"inline_featured_image":false},"product_brand":[],"product_cat":[22],"product_tag":[],"class_list":{"0":"post-1440","1":"product","2":"type-product","3":"status-publish","4":"has-post-thumbnail","6":"product_cat-treeningkavad","8":"first","9":"instock","10":"downloadable","11":"virtual","12":"purchasable","13":"product-type-simple"},"_links":{"self":[{"href":"https:\/\/true4est.com\/en\/wp-json\/wp\/v2\/product\/1440","targetHints":{"allow":["GET"]}}],"collection":[{"href":"https:\/\/true4est.com\/en\/wp-json\/wp\/v2\/product"}],"about":[{"href":"https:\/\/true4est.com\/en\/wp-json\/wp\/v2\/types\/product"}],"replies":[{"embeddable":true,"href":"https:\/\/true4est.com\/en\/wp-json\/wp\/v2\/comments?post=1440"}],"wp:featuredmedia":[{"embeddable":true,"href":"https:\/\/true4est.com\/en\/wp-json\/wp\/v2\/media\/1291"}],"wp:attachment":[{"href":"https:\/\/true4est.com\/en\/wp-json\/wp\/v2\/media?parent=1440"}],"wp:term":[{"taxonomy":"product_brand","embeddable":true,"href":"https:\/\/true4est.com\/en\/wp-json\/wp\/v2\/product_brand?post=1440"},{"taxonomy":"product_cat","embeddable":true,"href":"https:\/\/true4est.com\/en\/wp-json\/wp\/v2\/product_cat?post=1440"},{"taxonomy":"product_tag","embeddable":true,"href":"https:\/\/true4est.com\/en\/wp-json\/wp\/v2\/product_tag?post=1440"}],"curies":[{"name":"wp","href":"https:\/\/api.w.org\/{rel}","templated":true}]}}